{"id":488,"date":"2021-07-22T09:09:47","date_gmt":"2021-07-22T09:09:47","guid":{"rendered":"https:\/\/demo.yolotheme.com\/dummy\/celina\/?page_id=488"},"modified":"2025-07-23T15:22:26","modified_gmt":"2025-07-23T15:22:26","slug":"contact-us","status":"publish","type":"page","link":"https:\/\/hananecenter.com\/fr\/contact-us\/","title":{"rendered":"Contactez-nous"},"content":{"rendered":"<div data-elementor-type=\"wp-page\" data-elementor-id=\"488\" class=\"elementor elementor-488\" data-elementor-post-type=\"page\">\n\t\t\t\t\t\t<section class=\"elementor-section elementor-top-section elementor-element elementor-element-f9df9f6 elementor-section-boxed elementor-section-height-default elementor-section-height-default\" data-id=\"f9df9f6\" data-element_type=\"section\" data-e-type=\"section\">\n\t\t\t\t\t\t<div class=\"elementor-container elementor-column-gap-default\">\n\t\t\t\t\t<div class=\"elementor-column elementor-col-50 elementor-top-column elementor-element elementor-element-5f33b10\" data-id=\"5f33b10\" data-element_type=\"column\" data-e-type=\"column\" data-settings=\"{&quot;background_background&quot;:&quot;classic&quot;}\">\n\t\t\t<div class=\"elementor-widget-wrap elementor-element-populated\">\n\t\t\t\t\t\t<div class=\"elementor-element elementor-element-0cdd6b5 elementor-widget elementor-widget-yolo_title\" data-id=\"0cdd6b5\" data-element_type=\"widget\" data-e-type=\"widget\" data-widget_type=\"yolo_title.default\">\n\t\t\t\t<div class=\"elementor-widget-container\">\n\t\t\t\t\t        <div class=\"yolo-modern-heading\">\n            \n            \n                    <div class=\"heading-primary-wrap\">\n            <h2 class=\"heading-primary elementor-heading-title\">Prendre contact<\/h2>        <\/div>\n        \n                    <\/div>\n        \t\t\t\t<\/div>\n\t\t\t\t<\/div>\n\t\t\t\t<div class=\"elementor-element elementor-element-075b377 icon-position-left elementor-widget elementor-widget-yolo_icon_box\" data-id=\"075b377\" data-element_type=\"widget\" data-e-type=\"widget\" data-widget_type=\"yolo_icon_box.default\">\n\t\t\t\t<div class=\"elementor-widget-container\">\n\t\t\t\t\t\n        <div class=\"yolo-sc-icon-box sc-icon-box-wrap\">\n            <div class=\"sc-icon-box-inner yolo-grid modern-grid mobile-1 tablet-2 desktop-1\">\n                                    <div class=\"icon-item\">\n                                                    <div class=\"icon style_2\">\n                                <i class=\"fal fa-address-book\"><\/i>                            <\/div>\n                                                <div class=\"item-content\">\n                                                            <h3 class=\"item-title\">\n                                     Adresse:                                <\/h3>\n                                                                                        <p class=\"item-description\">Rue Yougoslavie, Imm El Ghandouri Bloc F 1er \u00e9tage Appt N\u00b02, Marrakesh 40000<\/p>\n                                                    <\/div>\n                    <\/div>\n                                    <div class=\"icon-item\">\n                                                    <div class=\"icon style_2\">\n                                <i class=\"fal fa-phone-volume\"><\/i>                            <\/div>\n                                                <div class=\"item-content\">\n                                                            <h3 class=\"item-title\">\n                                    Num\u00e9ro de t\u00e9l\u00e9phone:                                <\/h3>\n                                                                                        <p class=\"item-description\">(+212) 612-115799<\/p>\n                                                    <\/div>\n                    <\/div>\n                                    <div class=\"icon-item\">\n                                                    <div class=\"icon style_2\">\n                                <i class=\"fal fa-mailbox\"><\/i>                            <\/div>\n                                                <div class=\"item-content\">\n                                                            <h3 class=\"item-title\">\n                                    Email:                                <\/h3>\n                                                                                        <p class=\"item-description\">contact@hananecenter.com<\/p>\n                                                    <\/div>\n                    <\/div>\n                                    <div class=\"icon-item\">\n                                                    <div class=\"icon style_2\">\n                                <i class=\"fal fa-clock\"><\/i>                            <\/div>\n                                                <div class=\"item-content\">\n                                                            <h3 class=\"item-title\">\n                                    Heures d'ouverture:                                <\/h3>\n                                                                                        <p class=\"item-description\">Mon - Friday: 10h00 - 21h30\n<br>Saturday: 10h00 - 21h30 <br>Sunday: 12h00 - 21h30<\/p>\n                                                    <\/div>\n                    <\/div>\n                            <\/div>\n        <\/div>\n\n        \t\t\t\t<\/div>\n\t\t\t\t<\/div>\n\t\t\t\t\t<\/div>\n\t\t<\/div>\n\t\t\t\t<div class=\"elementor-column elementor-col-50 elementor-top-column elementor-element elementor-element-107ded1\" data-id=\"107ded1\" data-element_type=\"column\" data-e-type=\"column\">\n\t\t\t<div class=\"elementor-widget-wrap elementor-element-populated\">\n\t\t\t\t\t\t<div class=\"elementor-element elementor-element-3ae5ecc elementor-widget elementor-widget-html\" data-id=\"3ae5ecc\" data-element_type=\"widget\" data-e-type=\"widget\" data-widget_type=\"html.default\">\n\t\t\t\t<div class=\"elementor-widget-container\">\n\t\t\t\t\t<iframe src=\"https:\/\/whatsform.com\/6vPQmz\"  width=\"100%\" height=\"600\" frameborder=\"0\"><\/iframe>\t\t\t\t<\/div>\n\t\t\t\t<\/div>\n\t\t\t\t\t<\/div>\n\t\t<\/div>\n\t\t\t\t\t<\/div>\n\t\t<\/section>\n\t\t\t\t<section class=\"elementor-section elementor-top-section elementor-element elementor-element-25e64fb elementor-section-full_width elementor-section-height-default elementor-section-height-default\" data-id=\"25e64fb\" data-element_type=\"section\" data-e-type=\"section\">\n\t\t\t\t\t\t<div class=\"elementor-container elementor-column-gap-no\">\n\t\t\t\t\t<div class=\"elementor-column elementor-col-50 elementor-top-column elementor-element elementor-element-0d9e571 elementor-hidden-tablet elementor-hidden-phone\" data-id=\"0d9e571\" data-element_type=\"column\" data-e-type=\"column\" data-settings=\"{&quot;background_background&quot;:&quot;classic&quot;}\">\n\t\t\t<div class=\"elementor-widget-wrap\">\n\t\t\t\t\t\t\t<\/div>\n\t\t<\/div>\n\t\t\t\t<div class=\"elementor-column elementor-col-50 elementor-top-column elementor-element elementor-element-79c9a6a\" data-id=\"79c9a6a\" data-element_type=\"column\" data-e-type=\"column\">\n\t\t\t<div class=\"elementor-widget-wrap elementor-element-populated\">\n\t\t\t\t\t\t<div class=\"elementor-element elementor-element-f50d0b0 elementor-widget elementor-widget-google_maps\" data-id=\"f50d0b0\" data-element_type=\"widget\" data-e-type=\"widget\" data-widget_type=\"google_maps.default\">\n\t\t\t\t<div class=\"elementor-widget-container\">\n\t\t\t\t\t\t\t<div class=\"elementor-custom-embed\">\n\t\t\t<iframe loading=\"lazy\"\n\t\t\t\t\tsrc=\"https:\/\/maps.google.com\/maps?q=Hanane%20Massage%20Hammam%20Spa%20Center&#038;t=m&#038;z=16&#038;output=embed&#038;iwloc=near\"\n\t\t\t\t\ttitle=\"Hanane Massage Hammam Spa Center\"\n\t\t\t\t\taria-label=\"Hanane Massage Hammam Spa Center\"\n\t\t\t><\/iframe>\n\t\t<\/div>\n\t\t\t\t\t\t<\/div>\n\t\t\t\t<\/div>\n\t\t\t\t\t<\/div>\n\t\t<\/div>\n\t\t\t\t\t<\/div>\n\t\t<\/section>\n\t\t\t\t<section class=\"elementor-section elementor-top-section elementor-element elementor-element-c122346 elementor-section-boxed elementor-section-height-default elementor-section-height-default elementor-invisible\" data-id=\"c122346\" data-element_type=\"section\" data-e-type=\"section\" data-settings=\"{&quot;animation&quot;:&quot;zoomIn&quot;,&quot;animation_delay&quot;:100}\">\n\t\t\t\t\t\t<div class=\"elementor-container elementor-column-gap-default\">\n\t\t\t\t\t<div class=\"elementor-column elementor-col-100 elementor-top-column elementor-element elementor-element-202783c\" data-id=\"202783c\" data-element_type=\"column\" data-e-type=\"column\">\n\t\t\t<div class=\"elementor-widget-wrap elementor-element-populated\">\n\t\t\t\t\t\t<div class=\"elementor-element elementor-element-3c8ee9b elementor-shape-circle elementor-grid-mobile-0 elementor-grid-0 e-grid-align-center elementor-widget elementor-widget-social-icons\" data-id=\"3c8ee9b\" data-element_type=\"widget\" data-e-type=\"widget\" data-widget_type=\"social-icons.default\">\n\t\t\t\t<div class=\"elementor-widget-container\">\n\t\t\t\t\t\t\t<div class=\"elementor-social-icons-wrapper elementor-grid\" role=\"list\">\n\t\t\t\t\t\t\t<span class=\"elementor-grid-item\" role=\"listitem\">\n\t\t\t\t\t<a class=\"elementor-icon elementor-social-icon elementor-social-icon-facebook elementor-repeater-item-d8861c0\" href=\"https:\/\/facebook.com\/hananecenter\" target=\"_blank\" rel=\"noopener\">\n\t\t\t\t\t\t<span class=\"elementor-screen-only\">Facebook<\/span>\n\t\t\t\t\t\t<i aria-hidden=\"true\" class=\"fab fa-facebook\"><\/i>\t\t\t\t\t<\/a>\n\t\t\t\t<\/span>\n\t\t\t\t\t\t\t<span class=\"elementor-grid-item\" role=\"listitem\">\n\t\t\t\t\t<a class=\"elementor-icon elementor-social-icon elementor-social-icon-twitter elementor-repeater-item-c04a40e\" href=\"https:\/\/twitter.com\/hananecenter\" target=\"_blank\" rel=\"noopener\">\n\t\t\t\t\t\t<span class=\"elementor-screen-only\">Twitter<\/span>\n\t\t\t\t\t\t<i aria-hidden=\"true\" class=\"fab fa-twitter\"><\/i>\t\t\t\t\t<\/a>\n\t\t\t\t<\/span>\n\t\t\t\t\t\t\t<span class=\"elementor-grid-item\" role=\"listitem\">\n\t\t\t\t\t<a class=\"elementor-icon elementor-social-icon elementor-social-icon-youtube elementor-repeater-item-5e461e8\" href=\"https:\/\/www.youtube.com\/@hananecenter6910\/\" target=\"_blank\" rel=\"noopener\">\n\t\t\t\t\t\t<span class=\"elementor-screen-only\">Youtube<\/span>\n\t\t\t\t\t\t<i aria-hidden=\"true\" class=\"fab fa-youtube\"><\/i>\t\t\t\t\t<\/a>\n\t\t\t\t<\/span>\n\t\t\t\t\t\t\t<span class=\"elementor-grid-item\" role=\"listitem\">\n\t\t\t\t\t<a class=\"elementor-icon elementor-social-icon elementor-social-icon-instagram elementor-repeater-item-24b63ad\" href=\"https:\/\/www.instagram.com\/hananecenter\" target=\"_blank\" rel=\"noopener\">\n\t\t\t\t\t\t<span class=\"elementor-screen-only\">Instagram<\/span>\n\t\t\t\t\t\t<i aria-hidden=\"true\" class=\"fab fa-instagram\"><\/i>\t\t\t\t\t<\/a>\n\t\t\t\t<\/span>\n\t\t\t\t\t<\/div>\n\t\t\t\t\t\t<\/div>\n\t\t\t\t<\/div>\n\t\t\t\t\t<\/div>\n\t\t<\/div>\n\t\t\t\t\t<\/div>\n\t\t<\/section>\n\t\t\t\t<\/div>","protected":false},"excerpt":{"rendered":"<p>Get In Touch Address: Rue Yougoslavie, Imm El Ghandouri Bloc F 1er \u00e9tage Appt N\u00b02, Marrakesh 40000 Phone number: (+212) 612-115799 Email: contact@hananecenter.com Open Hours: Mon &#8211; Friday: 10h00 &#8211; 21h30 Saturday: 10h00 &#8211; 21h30 Sunday: 12h00 &#8211; 21h30 Facebook Twitter Youtube Instagram<\/p>","protected":false},"author":5,"featured_media":0,"parent":0,"menu_order":0,"comment_status":"closed","ping_status":"closed","template":"","meta":{"footnotes":""},"class_list":["post-488","page","type-page","status-publish","hentry"],"_links":{"self":[{"href":"https:\/\/hananecenter.com\/fr\/wp-json\/wp\/v2\/pages\/488","targetHints":{"allow":["GET"]}}],"collection":[{"href":"https:\/\/hananecenter.com\/fr\/wp-json\/wp\/v2\/pages"}],"about":[{"href":"https:\/\/hananecenter.com\/fr\/wp-json\/wp\/v2\/types\/page"}],"author":[{"embeddable":true,"href":"https:\/\/hananecenter.com\/fr\/wp-json\/wp\/v2\/users\/5"}],"replies":[{"embeddable":true,"href":"https:\/\/hananecenter.com\/fr\/wp-json\/wp\/v2\/comments?post=488"}],"version-history":[{"count":33,"href":"https:\/\/hananecenter.com\/fr\/wp-json\/wp\/v2\/pages\/488\/revisions"}],"predecessor-version":[{"id":3702,"href":"https:\/\/hananecenter.com\/fr\/wp-json\/wp\/v2\/pages\/488\/revisions\/3702"}],"wp:attachment":[{"href":"https:\/\/hananecenter.com\/fr\/wp-json\/wp\/v2\/media?parent=488"}],"curies":[{"name":"wp","href":"https:\/\/api.w.org\/{rel}","templated":true}]}}