{"id":3338,"date":"2025-01-05T16:32:25","date_gmt":"2025-01-05T16:32:25","guid":{"rendered":"https:\/\/cornflowerblue-wildcat-924241.hostingersite.com\/?page_id=3338"},"modified":"2025-07-23T15:59:01","modified_gmt":"2025-07-23T15:59:01","slug":"spa-massage","status":"publish","type":"page","link":"https:\/\/hananecenter.com\/fr\/spa-massage\/","title":{"rendered":"Massages"},"content":{"rendered":"<div data-elementor-type=\"wp-page\" data-elementor-id=\"3338\" class=\"elementor elementor-3338\" data-elementor-post-type=\"page\">\n\t\t\t\t\t\t<section class=\"elementor-section elementor-top-section elementor-element elementor-element-5b0c6c6 elementor-section-full_width elementor-section-height-default elementor-section-height-default\" data-id=\"5b0c6c6\" data-element_type=\"section\" data-e-type=\"section\" data-settings=\"{&quot;background_background&quot;:&quot;classic&quot;}\">\n\t\t\t\t\t\t\t<div class=\"elementor-background-overlay\"><\/div>\n\t\t\t\t\t\t\t<div class=\"elementor-container elementor-column-gap-no\">\n\t\t\t\t\t<div class=\"elementor-column elementor-col-100 elementor-top-column elementor-element elementor-element-d2c95c3\" data-id=\"d2c95c3\" data-element_type=\"column\" data-e-type=\"column\">\n\t\t\t<div class=\"elementor-widget-wrap elementor-element-populated\">\n\t\t\t\t\t\t<section class=\"elementor-section elementor-inner-section elementor-element elementor-element-a166e5e elementor-section-boxed elementor-section-height-default elementor-section-height-default\" data-id=\"a166e5e\" data-element_type=\"section\" data-e-type=\"section\">\n\t\t\t\t\t\t<div class=\"elementor-container elementor-column-gap-default\">\n\t\t\t\t\t<div class=\"elementor-column elementor-col-100 elementor-inner-column elementor-element elementor-element-92ee17e\" data-id=\"92ee17e\" data-element_type=\"column\" data-e-type=\"column\" data-settings=\"{&quot;background_background&quot;:&quot;classic&quot;}\">\n\t\t\t<div class=\"elementor-widget-wrap elementor-element-populated\">\n\t\t\t\t\t\t<div class=\"elementor-element elementor-element-d16af8b elementor-widget elementor-widget-yolo_title\" data-id=\"d16af8b\" data-element_type=\"widget\" data-e-type=\"widget\" data-widget_type=\"yolo_title.default\">\n\t\t\t\t<div class=\"elementor-widget-container\">\n\t\t\t\t\t        <div class=\"yolo-modern-heading\">\n            \n            \n                    <div class=\"heading-primary-wrap\">\n            <h6 class=\"heading-primary elementor-heading-title\">Spa Massage<\/h6>        <\/div>\n        \n                    <\/div>\n        \t\t\t\t<\/div>\n\t\t\t\t<\/div>\n\t\t\t\t\t<\/div>\n\t\t<\/div>\n\t\t\t\t\t<\/div>\n\t\t<\/section>\n\t\t\t\t\t<\/div>\n\t\t<\/div>\n\t\t\t\t\t<\/div>\n\t\t<\/section>\n\t\t\t\t<section class=\"elementor-section elementor-top-section elementor-element elementor-element-cce722d elementor-section-full_width elementor-section-height-default elementor-section-height-default\" data-id=\"cce722d\" data-element_type=\"section\" data-e-type=\"section\" data-settings=\"{&quot;background_background&quot;:&quot;classic&quot;}\">\n\t\t\t\t\t\t\t<div class=\"elementor-background-overlay\"><\/div>\n\t\t\t\t\t\t\t<div class=\"elementor-container elementor-column-gap-no\">\n\t\t\t\t\t<div class=\"elementor-column elementor-col-100 elementor-top-column elementor-element elementor-element-bcecd7f\" data-id=\"bcecd7f\" data-element_type=\"column\" data-e-type=\"column\">\n\t\t\t<div class=\"elementor-widget-wrap elementor-element-populated\">\n\t\t\t\t\t\t<div class=\"elementor-element elementor-element-b4aa125 elementor-widget elementor-widget-html\" data-id=\"b4aa125\" data-element_type=\"widget\" data-e-type=\"widget\" data-widget_type=\"html.default\">\n\t\t\t\t<div class=\"elementor-widget-container\">\n\t\t\t\t\t<!-- Elementor-Ready Spa Menu Section -->\r\n<link href=\"https:\/\/fonts.googleapis.com\/css2?family=Montserrat:wght@400;600;700&display=swap\" rel=\"stylesheet\">\r\n<link href=\"https:\/\/cdnjs.cloudflare.com\/ajax\/libs\/font-awesome\/6.5.0\/css\/all.min.css\" rel=\"stylesheet\"\/>\r\n\r\n<style>\r\n  :root {\r\n    --gold: #B9A25F;\r\n    --dark: #181818;\r\n    --light-gold: rgba(185, 162, 95, 0.1);\r\n  }\r\n  \r\n  .spa-menu-wrapper * {\r\n    box-sizing: border-box;\r\n  }\r\n  \r\n  .spa-menu-wrapper {\r\n    font-family: \"Montserrat\", sans-serif;\r\n    background: linear-gradient(135deg, #f8f6f0 0%, #f0ede5 100%);\r\n    padding: 2rem 0;\r\n  }\r\n  \r\n  .spa-menu-section {\r\n    width: 100%;\r\n    padding: 4rem 2rem;\r\n    max-width: 1400px;\r\n    margin: 0 auto;\r\n  }\r\n  \r\n  .spa-menu-heading {\r\n    font-size: 2.5rem;\r\n    font-weight: 700;\r\n    text-align: center;\r\n    color: var(--dark);\r\n    margin-bottom: 1rem;\r\n    position: relative;\r\n  }\r\n  \r\n  .spa-menu-heading::after {\r\n    content: '';\r\n    display: block;\r\n    width: 80px;\r\n    height: 3px;\r\n    background: var(--gold);\r\n    margin: 1rem auto;\r\n  }\r\n  \r\n  .spa-menu-subtitle {\r\n    max-width: 700px;\r\n    margin: 0 auto 3rem;\r\n    font-size: 1.1rem;\r\n    color: #666;\r\n    text-align: center;\r\n    line-height: 1.6;\r\n  }\r\n  \r\n  .spa-menu-grid {\r\n    display: grid;\r\n    grid-template-columns: repeat(auto-fill, minmax(280px, 1fr));\r\n    gap: 1.5rem;\r\n    margin-top: 2rem;\r\n    max-width: 1200px;\r\n    margin-left: auto;\r\n    margin-right: auto;\r\n  }\r\n  \r\n  .spa-card {\r\n    background: #fff;\r\n    border-radius: 20px;\r\n    overflow: hidden;\r\n    box-shadow: 0 10px 30px rgba(24, 24, 24, 0.1);\r\n    transition: all 0.4s ease;\r\n    position: relative;\r\n  }\r\n  \r\n  .spa-card:hover {\r\n    transform: translateY(-8px);\r\n    box-shadow: 0 20px 40px rgba(24, 24, 24, 0.15);\r\n  }\r\n  \r\n  .spa-card-image {\r\n    width: 100%;\r\n    height: 180px;\r\n    object-fit: cover;\r\n    transition: transform 0.4s ease;\r\n  }\r\n  \r\n  .spa-card:hover .spa-card-image {\r\n    transform: scale(1.05);\r\n  }\r\n  \r\n  .spa-card-content {\r\n    padding: 1.2rem;\r\n  }\r\n  \r\n  .spa-card-title {\r\n    font-size: 1.1rem;\r\n    font-weight: 700;\r\n    color: var(--dark);\r\n    margin-bottom: 0.8rem;\r\n    display: flex;\r\n    align-items: center;\r\n    gap: 0.4rem;\r\n  }\r\n  \r\n  .spa-card-badge {\r\n    background: var(--gold);\r\n    color: #fff;\r\n    font-size: 0.7rem;\r\n    font-weight: 600;\r\n    padding: 0.2rem 0.6rem;\r\n    border-radius: 12px;\r\n    text-transform: uppercase;\r\n    letter-spacing: 0.5px;\r\n  }\r\n  \r\n  .spa-pricing {\r\n    margin: 0.8rem 0 1.2rem;\r\n  }\r\n  \r\n  .spa-price-row {\r\n    display: flex;\r\n    justify-content: space-between;\r\n    align-items: center;\r\n    padding: 0.5rem 0;\r\n    border-bottom: 1px solid rgba(185, 162, 95, 0.2);\r\n    font-size: 0.95rem;\r\n    color: #555;\r\n  }\r\n  \r\n  .spa-price-row:last-child {\r\n    border-bottom: none;\r\n  }\r\n  \r\n  .spa-price {\r\n    font-weight: 600;\r\n    color: var(--gold);\r\n  }\r\n  \r\n  .spa-buttons {\r\n    display: grid;\r\n    grid-template-columns: 1fr 1fr;\r\n    gap: 0.75rem;\r\n  }\r\n  \r\n  .spa-btn {\r\n    display: flex;\r\n    align-items: center;\r\n    justify-content: center;\r\n    font-size: 0.85rem;\r\n    font-weight: 600;\r\n    padding: 0.7rem 0.8rem;\r\n    border: none;\r\n    border-radius: 10px;\r\n    cursor: pointer;\r\n    transition: all 0.3s ease;\r\n    text-decoration: none;\r\n    text-transform: uppercase;\r\n    letter-spacing: 0.5px;\r\n  }\r\n  \r\n  .spa-btn i {\r\n    margin-right: 0.4rem;\r\n    font-size: 1rem;\r\n  }\r\n  \r\n  .spa-btn-whatsapp {\r\n    background: #25D366;\r\n    color: #fff;\r\n  }\r\n  \r\n  .spa-btn-whatsapp:hover {\r\n    background: #1ebe5a;\r\n    transform: translateY(-2px);\r\n  }\r\n  \r\n  .spa-btn-book {\r\n    background: var(--gold);\r\n    color: #fff;\r\n  }\r\n  \r\n  .spa-btn-book:hover {\r\n    background: #a89151;\r\n    transform: translateY(-2px);\r\n  }\r\n  \r\n  @media (max-width: 768px) {\r\n    .spa-menu-section {\r\n      padding: 3rem 1rem;\r\n    }\r\n    \r\n    .spa-menu-heading {\r\n      font-size: 2rem;\r\n    }\r\n    \r\n    .spa-menu-grid {\r\n      grid-template-columns: 1fr;\r\n      gap: 1.5rem;\r\n    }\r\n    \r\n    .spa-card-content {\r\n      padding: 1.2rem;\r\n    }\r\n    \r\n    .spa-buttons {\r\n      grid-template-columns: 1fr;\r\n      gap: 0.5rem;\r\n    }\r\n  }\r\n  \r\n  @media (max-width: 480px) {\r\n    .spa-menu-heading {\r\n      font-size: 1.8rem;\r\n    }\r\n    \r\n    .spa-card-image {\r\n      height: 180px;\r\n    }\r\n  }\r\n<\/style>\r\n\r\n<div class=\"spa-menu-wrapper\">\r\n<section class=\"spa-menu-section\">\r\n  <h2 class=\"spa-menu-heading\">Notre Menu de Massages Spa<\/h2>\r\n  <p class=\"spa-menu-subtitle\">\r\n    D\u00e9couvrez notre gamme compl\u00e8te de massages th\u00e9rapeutiques et relaxants. Chaque soin est personnalis\u00e9 avec des techniques traditionnelles et modernes pour votre bien-\u00eatre absolu.\r\n  <\/p>\r\n  \r\n  <div class=\"spa-menu-grid\">\r\n    \r\n    <!-- Relaxing massage -->\r\n    <div class=\"spa-card\">\r\n      <img decoding=\"async\" src=\"https:\/\/hananecenter.com\/wp-content\/uploads\/2025\/01\/IMG-20250108-WA0013.jpg\" alt=\"Relaxing massage\" class=\"spa-card-image\">\r\n      <div class=\"spa-card-content\">\r\n        <div class=\"spa-card-title\">\r\n          Relaxing Massage\r\n          <span class=\"spa-card-badge\">Popular<\/span>\r\n        <\/div>\r\n        <div class=\"spa-pricing\">\r\n          <div class=\"spa-price-row\">\r\n            <span>30 Minutes<\/span>\r\n            <span class=\"spa-price\">400 Dhs<\/span>\r\n          <\/div>\r\n          <div class=\"spa-price-row\">\r\n            <span>60 Minutes<\/span>\r\n            <span class=\"spa-price\">500 Dhs<\/span>\r\n          <\/div>\r\n        <\/div>\r\n        <div class=\"spa-buttons\">\r\n          <a href=\"https:\/\/wa.me\/212612115799?text=Hello%2C%20I%20would%20like%20to%20book%20a%20Relaxing%20Massage%20(30%20or%2060%20min)\" target=\"_blank\" class=\"spa-btn spa-btn-whatsapp\" rel=\"noopener\">\r\n            <i class=\"fab fa-whatsapp\"><\/i>WhatsApp\r\n          <\/a>\r\n          <a href=\"\/fr\/contact-us\/\" class=\"spa-btn spa-btn-book\">\r\n            <i class=\"fas fa-calendar-check\"><\/i>R\u00e9server\r\n          <\/a>\r\n        <\/div>\r\n      <\/div>\r\n    <\/div>\r\n\r\n    <!-- Tonic Massage -->\r\n    <div class=\"spa-card\">\r\n      <img decoding=\"async\" src=\"https:\/\/hananecenter.com\/wp-content\/uploads\/2025\/01\/IMG-20250108-WA0014.jpg\" alt=\"Tonic Massage\" class=\"spa-card-image\">\r\n      <div class=\"spa-card-content\">\r\n        <div class=\"spa-card-title\">\r\n          Tonic Massage\r\n          <span class=\"spa-card-badge\">Energy<\/span>\r\n        <\/div>\r\n        <div class=\"spa-pricing\">\r\n          <div class=\"spa-price-row\">\r\n            <span>30 Minutes<\/span>\r\n            <span class=\"spa-price\">500 Dhs<\/span>\r\n          <\/div>\r\n          <div class=\"spa-price-row\">\r\n            <span>60 Minutes<\/span>\r\n            <span class=\"spa-price\">600 Dhs<\/span>\r\n          <\/div>\r\n        <\/div>\r\n        <div class=\"spa-buttons\">\r\n          <a href=\"https:\/\/wa.me\/212612115799?text=Hello%2C%20I%20would%20like%20to%20book%20a%20Tonic%20Massage%20(30%20or%2060%20min)\" target=\"_blank\" class=\"spa-btn spa-btn-whatsapp\" rel=\"noopener\">\r\n            <i class=\"fab fa-whatsapp\"><\/i>WhatsApp\r\n          <\/a>\r\n          <a href=\"\/fr\/contact-us\/\" class=\"spa-btn spa-btn-book\">\r\n            <i class=\"fas fa-calendar-check\"><\/i>R\u00e9server\r\n          <\/a>\r\n        <\/div>\r\n      <\/div>\r\n    <\/div>\r\n\r\n    <!-- Massage with 4 hands -->\r\n    <div class=\"spa-card\">\r\n      <img decoding=\"async\" src=\"https:\/\/hananecenter.com\/wp-content\/uploads\/2025\/01\/IMG-20250108-WA0011.jpg\" alt=\"Massage with 4 hands\" class=\"spa-card-image\">\r\n      <div class=\"spa-card-content\">\r\n        <div class=\"spa-card-title\">\r\n          Massage with 4 Hands\r\n          <span class=\"spa-card-badge\">Premium<\/span>\r\n        <\/div>\r\n        <div class=\"spa-pricing\">\r\n          <div class=\"spa-price-row\">\r\n            <span>30 Minutes<\/span>\r\n            <span class=\"spa-price\">600 Dhs<\/span>\r\n          <\/div>\r\n          <div class=\"spa-price-row\">\r\n            <span>60 Minutes<\/span>\r\n            <span class=\"spa-price\">800 Dhs<\/span>\r\n          <\/div>\r\n        <\/div>\r\n        <div class=\"spa-buttons\">\r\n          <a href=\"https:\/\/wa.me\/212612115799?text=Hello%2C%20I%20would%20like%20to%20book%20a%204%20Hands%20Massage%20(30%20or%2060%20min)\" target=\"_blank\" class=\"spa-btn spa-btn-whatsapp\" rel=\"noopener\">\r\n            <i class=\"fab fa-whatsapp\"><\/i>WhatsApp\r\n          <\/a>\r\n          <a href=\"\/fr\/contact-us\/\" class=\"spa-btn spa-btn-book\">\r\n            <i class=\"fas fa-calendar-check\"><\/i>R\u00e9server\r\n          <\/a>\r\n        <\/div>\r\n      <\/div>\r\n    <\/div>\r\n\r\n    <!-- Foot Reflexology -->\r\n    <div class=\"spa-card\">\r\n      <img decoding=\"async\" src=\"https:\/\/hananecenter.com\/wp-content\/uploads\/2025\/01\/IMG-20250108-WA0015.jpg\" alt=\"Foot Reflexology\" class=\"spa-card-image\">\r\n      <div class=\"spa-card-content\">\r\n        <div class=\"spa-card-title\">\r\n          Foot Reflexology\r\n          <span class=\"spa-card-badge\">Healing<\/span>\r\n        <\/div>\r\n        <div class=\"spa-pricing\">\r\n          <div class=\"spa-price-row\">\r\n            <span>30 Minutes<\/span>\r\n            <span class=\"spa-price\">400 Dhs<\/span>\r\n          <\/div>\r\n          <div class=\"spa-price-row\">\r\n            <span>60 Minutes<\/span>\r\n            <span class=\"spa-price\">800 Dhs<\/span>\r\n          <\/div>\r\n        <\/div>\r\n        <div class=\"spa-buttons\">\r\n          <a href=\"https:\/\/wa.me\/212612115799?text=Hello%2C%20I%20would%20like%20to%20book%20Foot%20Reflexology%20(30%20or%2060%20min)\" target=\"_blank\" class=\"spa-btn spa-btn-whatsapp\" rel=\"noopener\">\r\n            <i class=\"fab fa-whatsapp\"><\/i>WhatsApp\r\n          <\/a>\r\n          <a href=\"\/fr\/contact-us\/\" class=\"spa-btn spa-btn-book\">\r\n            <i class=\"fas fa-calendar-check\"><\/i>R\u00e9server\r\n          <\/a>\r\n        <\/div>\r\n      <\/div>\r\n    <\/div>\r\n\r\n    <!-- Face and scalp modeling -->\r\n    <div class=\"spa-card\">\r\n      <img decoding=\"async\" src=\"https:\/\/hananecenter.com\/wp-content\/uploads\/2025\/01\/IMG-20250108-WA0016.jpg\" alt=\"Face and scalp modeling\" class=\"spa-card-image\">\r\n      <div class=\"spa-card-content\">\r\n        <div class=\"spa-card-title\">\r\n          Face & Scalp Modeling\r\n          <span class=\"spa-card-badge\">Beauty<\/span>\r\n        <\/div>\r\n        <div class=\"spa-pricing\">\r\n          <div class=\"spa-price-row\">\r\n            <span>30 Minutes<\/span>\r\n            <span class=\"spa-price\">350 Dhs<\/span>\r\n          <\/div>\r\n          <div class=\"spa-price-row\">\r\n            <span>60 Minutes<\/span>\r\n            <span class=\"spa-price\">800 Dhs<\/span>\r\n          <\/div>\r\n        <\/div>\r\n        <div class=\"spa-buttons\">\r\n          <a href=\"https:\/\/wa.me\/212612115799?text=Hello%2C%20I%20would%20like%20to%20book%20Face%20and%20Scalp%20Modeling%20(30%20or%2060%20min)\" target=\"_blank\" class=\"spa-btn spa-btn-whatsapp\" rel=\"noopener\">\r\n            <i class=\"fab fa-whatsapp\"><\/i>WhatsApp\r\n          <\/a>\r\n          <a href=\"\/fr\/contact-us\/\" class=\"spa-btn spa-btn-book\">\r\n            <i class=\"fas fa-calendar-check\"><\/i>R\u00e9server\r\n          <\/a>\r\n        <\/div>\r\n      <\/div>\r\n    <\/div>\r\n\r\n    <!-- Anti-stress massage -->\r\n    <div class=\"spa-card\">\r\n      <img decoding=\"async\" src=\"https:\/\/hananecenter.com\/wp-content\/uploads\/2025\/01\/IMG-20250108-WA0012.jpg\" alt=\"Anti-stress massage\" class=\"spa-card-image\">\r\n      <div class=\"spa-card-content\">\r\n        <div class=\"spa-card-title\">\r\n          Anti-Stress Massage\r\n          <span class=\"spa-card-badge\">Wellness<\/span>\r\n        <\/div>\r\n        <div class=\"spa-pricing\">\r\n          <div class=\"spa-price-row\">\r\n            <span>30 Minutes<\/span>\r\n            <span class=\"spa-price\">600 Dhs<\/span>\r\n          <\/div>\r\n          <div class=\"spa-price-row\">\r\n            <span>60 Minutes<\/span>\r\n            <span class=\"spa-price\">700 Dhs<\/span>\r\n          <\/div>\r\n        <\/div>\r\n        <div class=\"spa-buttons\">\r\n          <a href=\"https:\/\/wa.me\/212612115799?text=Hello%2C%20I%20would%20like%20to%20book%20an%20Anti-Stress%20Massage%20(30%20or%2060%20min)\" target=\"_blank\" class=\"spa-btn spa-btn-whatsapp\" rel=\"noopener\">\r\n            <i class=\"fab fa-whatsapp\"><\/i>WhatsApp\r\n          <\/a>\r\n          <a href=\"\/fr\/contact-us\/\" class=\"spa-btn spa-btn-book\">\r\n            <i class=\"fas fa-calendar-check\"><\/i>R\u00e9server\r\n          <\/a>\r\n        <\/div>\r\n      <\/div>\r\n    <\/div>\r\n\r\n    <!-- Hot stone massage -->\r\n    <div class=\"spa-card\">\r\n      <img decoding=\"async\" src=\"https:\/\/hananecenter.com\/wp-content\/uploads\/2025\/01\/IMG-20250108-WA0017.jpg\" alt=\"Hot stone massage\" class=\"spa-card-image\">\r\n      <div class=\"spa-card-content\">\r\n        <div class=\"spa-card-title\">\r\n          Hot Stone Massage\r\n          <span class=\"spa-card-badge\">Luxury<\/span>\r\n        <\/div>\r\n        <div class=\"spa-pricing\">\r\n          <div class=\"spa-price-row\">\r\n            <span>30 Minutes<\/span>\r\n            <span class=\"spa-price\">600 Dhs<\/span>\r\n          <\/div>\r\n          <div class=\"spa-price-row\">\r\n            <span>60 Minutes<\/span>\r\n            <span class=\"spa-price\">800 Dhs<\/span>\r\n          <\/div>\r\n        <\/div>\r\n        <div class=\"spa-buttons\">\r\n          <a href=\"https:\/\/wa.me\/212612115799?text=Hello%2C%20I%20would%20like%20to%20book%20a%20Hot%20Stone%20Massage%20(30%20or%2060%20min)\" target=\"_blank\" class=\"spa-btn spa-btn-whatsapp\" rel=\"noopener\">\r\n            <i class=\"fab fa-whatsapp\"><\/i>WhatsApp\r\n          <\/a>\r\n          <a href=\"\/fr\/contact-us\/\" class=\"spa-btn spa-btn-book\">\r\n            <i class=\"fas fa-calendar-check\"><\/i>R\u00e9server\r\n          <\/a>\r\n        <\/div>\r\n      <\/div>\r\n    <\/div>\r\n\r\n    <!-- Pregnancy massage -->\r\n    <div class=\"spa-card\">\r\n      <img decoding=\"async\" src=\"https:\/\/hananecenter.com\/wp-content\/uploads\/2025\/01\/IMG-20250108-WA0010.jpg\" alt=\"Pregnancy massage\" class=\"spa-card-image\">\r\n      <div class=\"spa-card-content\">\r\n        <div class=\"spa-card-title\">\r\n          Pregnancy Massage\r\n          <span class=\"spa-card-badge\">Special<\/span>\r\n        <\/div>\r\n        <div class=\"spa-pricing\">\r\n          <div class=\"spa-price-row\">\r\n            <span>30 Minutes<\/span>\r\n            <span class=\"spa-price\">300 Dhs<\/span>\r\n          <\/div>\r\n          <div class=\"spa-price-row\">\r\n            <span>60 Minutes<\/span>\r\n            <span class=\"spa-price\">450 Dhs<\/span>\r\n          <\/div>\r\n        <\/div>\r\n        <div class=\"spa-buttons\">\r\n          <a href=\"https:\/\/wa.me\/212612115799?text=Hello%2C%20I%20would%20like%20to%20book%20a%20Pregnancy%20Massage%20(30%20or%2060%20min)\" target=\"_blank\" class=\"spa-btn spa-btn-whatsapp\" rel=\"noopener\">\r\n            <i class=\"fab fa-whatsapp\"><\/i>WhatsApp\r\n          <\/a>\r\n          <a href=\"\/fr\/contact-us\/\" class=\"spa-btn spa-btn-book\">\r\n            <i class=\"fas fa-calendar-check\"><\/i>R\u00e9server\r\n          <\/a>\r\n        <\/div>\r\n      <\/div>\r\n    <\/div>\r\n\r\n    <!-- Oriental massage -->\r\n    <div class=\"spa-card\">\r\n      <img decoding=\"async\" src=\"https:\/\/hananecenter.com\/wp-content\/uploads\/2025\/01\/IMG-20250108-WA0009.jpg\" alt=\"Oriental massage\" class=\"spa-card-image\">\r\n      <div class=\"spa-card-content\">\r\n        <div class=\"spa-card-title\">\r\n          Oriental Massage\r\n          <span class=\"spa-card-badge\">Classic<\/span>\r\n        <\/div>\r\n        <div class=\"spa-pricing\">\r\n          <div class=\"spa-price-row\">\r\n            <span>30 Minutes<\/span>\r\n            <span class=\"spa-price\">400 Dhs<\/span>\r\n          <\/div>\r\n          <div class=\"spa-price-row\">\r\n            <span>60 Minutes<\/span>\r\n            <span class=\"spa-price\">500 Dhs<\/span>\r\n          <\/div>\r\n        <\/div>\r\n        <div class=\"spa-buttons\">\r\n          <a href=\"https:\/\/wa.me\/212612115799?text=Hello%2C%20I%20would%20like%20to%20book%20an%20Oriental%20Massage%20(30%20or%2060%20min)\" target=\"_blank\" class=\"spa-btn spa-btn-whatsapp\" rel=\"noopener\">\r\n            <i class=\"fab fa-whatsapp\"><\/i>WhatsApp\r\n          <\/a>\r\n          <a href=\"\/fr\/contact-us\/\" class=\"spa-btn spa-btn-book\">\r\n            <i class=\"fas fa-calendar-check\"><\/i>R\u00e9server\r\n          <\/a>\r\n        <\/div>\r\n      <\/div>\r\n    <\/div>\r\n\r\n    <!-- Ayurvedic massage -->\r\n    <div class=\"spa-card\">\r\n      <img decoding=\"async\" src=\"https:\/\/hananecenter.com\/wp-content\/uploads\/2025\/01\/IMG-20250108-WA0008.jpg\" alt=\"Ayurvedic massage\" class=\"spa-card-image\">\r\n      <div class=\"spa-card-content\">\r\n        <div class=\"spa-card-title\">\r\n          Massage Ayurv\u00e9dique\r\n          <span class=\"spa-card-badge\">Ancient<\/span>\r\n        <\/div>\r\n        <div class=\"spa-pricing\">\r\n          <div class=\"spa-price-row\">\r\n            <span>30 Minutes<\/span>\r\n            <span class=\"spa-price\">400 Dhs<\/span>\r\n          <\/div>\r\n          <div class=\"spa-price-row\">\r\n            <span>60 Minutes<\/span>\r\n            <span class=\"spa-price\">500 Dhs<\/span>\r\n          <\/div>\r\n        <\/div>\r\n        <div class=\"spa-buttons\">\r\n          <a href=\"https:\/\/wa.me\/212612115799?text=Hello%2C%20I%20would%20like%20to%20book%20an%20Ayurvedic%20Massage%20(30%20or%2060%20min)\" target=\"_blank\" class=\"spa-btn spa-btn-whatsapp\" rel=\"noopener\">\r\n            <i class=\"fab fa-whatsapp\"><\/i>WhatsApp\r\n          <\/a>\r\n          <a href=\"\/fr\/contact-us\/\" class=\"spa-btn spa-btn-book\">\r\n            <i class=\"fas fa-calendar-check\"><\/i>R\u00e9server\r\n          <\/a>\r\n        <\/div>\r\n      <\/div>\r\n    <\/div>\r\n\r\n  <\/div>\r\n<\/section>\r\n<\/div>\r\n\r\n<!-- End Elementor-Ready Spa Menu Section -->\t\t\t\t<\/div>\n\t\t\t\t<\/div>\n\t\t\t\t\t<\/div>\n\t\t<\/div>\n\t\t\t\t\t<\/div>\n\t\t<\/section>\n\t\t\t\t<\/div>","protected":false},"excerpt":{"rendered":"<p>Spa Massage Our Spa Massage Menu Discover our complete range of therapeutic and relaxing massages. Each treatment is personalized with traditional and modern techniques for your absolute well-being. Relaxing Massage Popular 30 Minutes 400 Dhs 60 Minutes 500 Dhs WhatsApp Book Tonic Massage Energy 30 Minutes 500 Dhs 60 Minutes 600 Dhs WhatsApp Book Massage with 4 Hands Premium 30 Minutes 600 Dhs 60 Minutes 800 Dhs WhatsApp Book Foot Reflexology Healing 30 Minutes 400 Dhs 60 Minutes 800 Dhs WhatsApp Book Face &#038; Scalp Modeling Beauty 30 Minutes 350 Dhs 60 Minutes 800 Dhs WhatsApp Book Anti-Stress Massage Wellness 30 Minutes 600 Dhs 60 Minutes 700 Dhs WhatsApp Book Hot Stone Massage Luxury 30 Minutes 600 Dhs 60 Minutes 800 Dhs WhatsApp Book Pregnancy Massage Special 30 Minutes 300 Dhs 60 Minutes 450 Dhs WhatsApp Book Oriental Massage Classic 30 Minutes 400 Dhs 60 Minutes 500 Dhs WhatsApp Book Ayurvedic Massage Ancient 30 Minutes 400 Dhs 60 Minutes 500 Dhs WhatsApp Book<\/p>","protected":false},"author":5,"featured_media":0,"parent":0,"menu_order":0,"comment_status":"closed","ping_status":"closed","template":"","meta":{"footnotes":""},"class_list":["post-3338","page","type-page","status-publish","hentry"],"_links":{"self":[{"href":"https:\/\/hananecenter.com\/fr\/wp-json\/wp\/v2\/pages\/3338","targetHints":{"allow":["GET"]}}],"collection":[{"href":"https:\/\/hananecenter.com\/fr\/wp-json\/wp\/v2\/pages"}],"about":[{"href":"https:\/\/hananecenter.com\/fr\/wp-json\/wp\/v2\/types\/page"}],"author":[{"embeddable":true,"href":"https:\/\/hananecenter.com\/fr\/wp-json\/wp\/v2\/users\/5"}],"replies":[{"embeddable":true,"href":"https:\/\/hananecenter.com\/fr\/wp-json\/wp\/v2\/comments?post=3338"}],"version-history":[{"count":50,"href":"https:\/\/hananecenter.com\/fr\/wp-json\/wp\/v2\/pages\/3338\/revisions"}],"predecessor-version":[{"id":3706,"href":"https:\/\/hananecenter.com\/fr\/wp-json\/wp\/v2\/pages\/3338\/revisions\/3706"}],"wp:attachment":[{"href":"https:\/\/hananecenter.com\/fr\/wp-json\/wp\/v2\/media?parent=3338"}],"curies":[{"name":"wp","href":"https:\/\/api.w.org\/{rel}","templated":true}]}}